{"id":12040,"date":"2010-06-04T14:36:36","date_gmt":"2010-06-04T12:36:36","guid":{"rendered":"http:\/\/www.tc-unterschneidheim.de\/?page_id=12040"},"modified":"2024-10-18T21:14:22","modified_gmt":"2024-10-18T19:14:22","slug":"tennisclub","status":"publish","type":"page","link":"https:\/\/www.tc-unterschneidheim.de\/?page_id=12040","title":{"rendered":"Tennisclub"},"content":{"rendered":"<p><strong>TC Unterschneidheim eV &#8211; eine kurze \u00dcbersicht:<\/strong><\/p>\n<ul>\n<li>1976 gegr\u00fcndet<\/li>\n<li>137 Mitglieder (Stand: 01.07.2024)<\/li>\n<li>4 aktive Mannschaften in der WTB-Verbandsrunde und eine Hobbymannschaft<\/li>\n<li>Tennisanlage mit 3 Freipl\u00e4tzen und Vereinsheim in Unterschneidheim<\/li>\n<li>Mitglied beim W\u00fcrttembergischen Landessportbund (WLSB) und W\u00fcrttembergischen Tennis-Bund (WTB)<\/li>\n<\/ul>\n<p>&nbsp;<\/p>\n<p><strong>Vereinslogo des TC Unterschneidheim:<\/strong><\/p>\n<p><img decoding=\"async\" class=\"alignnone size-full wp-image-11811\" src=\"https:\/\/www.tc-unterschneidheim.de\/wp-content\/uploads\/2018\/08\/tcu_logo_final.png\" alt=\"\" width=\"248\" height=\"247\" srcset=\"https:\/\/www.tc-unterschneidheim.de\/wp-content\/uploads\/2018\/08\/tcu_logo_final-66x66.png 66w, https:\/\/www.tc-unterschneidheim.de\/wp-content\/uploads\/2018\/08\/tcu_logo_final-150x150.png 150w, https:\/\/www.tc-unterschneidheim.de\/wp-content\/uploads\/2018\/08\/tcu_logo_final-200x199.png 200w, https:\/\/www.tc-unterschneidheim.de\/wp-content\/uploads\/2018\/08\/tcu_logo_final.png 248w\" sizes=\"(max-width: 248px) 100vw, 248px\" \/><\/p>\n<p>&nbsp;<\/p>\n","protected":false},"excerpt":{"rendered":"<p>TC Unterschneidheim eV &#8211; eine kurze \u00dcbersicht: 1976 gegr\u00fcndet 137 Mitglieder (Stand: 01.07.2024) 4 aktive Mannschaften in der WTB-Verbandsrunde und eine Hobbymannschaft Tennisanlage mit 3 Freipl\u00e4tzen und Vereinsheim in Unterschneidheim Mitglied beim W\u00fcrttembergischen Landessportbund (WLSB) und W\u00fcrttembergischen Tennis-Bund (WTB) &nbsp; Vereinslogo des TC Unterschneidheim: &nbsp;<\/p>\n","protected":false},"author":1,"featured_media":0,"parent":0,"menu_order":0,"comment_status":"closed","ping_status":"closed","template":"","meta":{"footnotes":""},"class_list":["post-12040","page","type-page","status-publish","hentry"],"_links":{"self":[{"href":"https:\/\/www.tc-unterschneidheim.de\/index.php?rest_route=\/wp\/v2\/pages\/12040","targetHints":{"allow":["GET"]}}],"collection":[{"href":"https:\/\/www.tc-unterschneidheim.de\/index.php?rest_route=\/wp\/v2\/pages"}],"about":[{"href":"https:\/\/www.tc-unterschneidheim.de\/index.php?rest_route=\/wp\/v2\/types\/page"}],"author":[{"embeddable":true,"href":"https:\/\/www.tc-unterschneidheim.de\/index.php?rest_route=\/wp\/v2\/users\/1"}],"replies":[{"embeddable":true,"href":"https:\/\/www.tc-unterschneidheim.de\/index.php?rest_route=%2Fwp%2Fv2%2Fcomments&post=12040"}],"version-history":[{"count":3,"href":"https:\/\/www.tc-unterschneidheim.de\/index.php?rest_route=\/wp\/v2\/pages\/12040\/revisions"}],"predecessor-version":[{"id":12507,"href":"https:\/\/www.tc-unterschneidheim.de\/index.php?rest_route=\/wp\/v2\/pages\/12040\/revisions\/12507"}],"wp:attachment":[{"href":"https:\/\/www.tc-unterschneidheim.de\/index.php?rest_route=%2Fwp%2Fv2%2Fmedia&parent=12040"}],"curies":[{"name":"wp","href":"https:\/\/api.w.org\/{rel}","templated":true}]}}