{"id":12050,"date":"2010-06-04T14:42:51","date_gmt":"2010-06-04T12:42:51","guid":{"rendered":"http:\/\/www.tc-unterschneidheim.de\/?page_id=12050"},"modified":"2023-06-10T17:38:43","modified_gmt":"2023-06-10T15:38:43","slug":"vorstand","status":"publish","type":"page","link":"https:\/\/www.tc-unterschneidheim.de\/?page_id=12050","title":{"rendered":"Vorstand"},"content":{"rendered":"<p><span data-scaytid=\"1\"><span data-scaytid=\"1\"><span data-scaytid=\"1\">Der<\/span><\/span><\/span> <span data-scaytid=\"2\"><span data-scaytid=\"2\"><span data-scaytid=\"2\">Vorstand<\/span><\/span><\/span> des <span data-scaytid=\"3\"><span data-scaytid=\"3\"><span data-scaytid=\"3\">TC<\/span><\/span><\/span> <span data-scaytid=\"4\"><span data-scaytid=\"4\"><span data-scaytid=\"4\">Unterschneidheim<\/span><\/span><\/span> <span data-scaytid=\"5\"><span data-scaytid=\"5\"><span data-scaytid=\"5\">setzt<\/span><\/span><\/span> <span data-scaytid=\"6\"><span data-scaytid=\"6\"><span data-scaytid=\"6\">sich<\/span><\/span><\/span> <span data-scaytid=\"7\"><span data-scaytid=\"7\"><span data-scaytid=\"7\">zusammen<\/span><\/span><\/span> <span data-scaytid=\"8\"><span data-scaytid=\"8\"><span data-scaytid=\"8\">aus<\/span><\/span><\/span>:<\/p>\n<p>&gt; 1. <span data-scaytid=\"9\"><span data-scaytid=\"9\"><span data-scaytid=\"9\">Vorsitzende<\/span><\/span><\/span><br \/>\n<b>Martin Uhl<br \/>\n<\/b><strong>Benjamin Gentner<\/strong><\/p>\n<p>&gt; 2. <span data-scaytid=\"12\"><span data-scaytid=\"10\"><span data-scaytid=\"12\">Vorsitzende<\/span><\/span><\/span><br \/>\n<b>Niclas Gorzalka<\/b><\/p>\n<p>&gt; <span data-scaytid=\"15\"><span data-scaytid=\"13\"><span data-scaytid=\"15\">Sportwart<\/span><\/span><\/span><br \/>\n<strong>Roland <span data-scaytid=\"16\"><span data-scaytid=\"14\"><span data-scaytid=\"16\">Wurstner<\/span><\/span><\/span><\/strong><\/p>\n<p>&gt; <span data-scaytid=\"17\"><span data-scaytid=\"15\"><span data-scaytid=\"17\">Jugendwart<\/span><\/span><\/span><br \/>\n<strong>Alexander <span data-scaytid=\"18\"><span data-scaytid=\"16\"><span data-scaytid=\"18\">Gentner<\/span><\/span><\/span><\/strong><\/p>\n<p>&gt; Kassiererin<br \/>\n<strong><span data-scaytid=\"57\"><span data-scaytid=\"21\">Margarete<\/span><\/span> <span data-scaytid=\"58\"><span data-scaytid=\"22\">Holzinger<\/span><\/span><\/strong><\/p>\n<p>&gt; <span data-scaytid=\"117\">Kassenpr\u00fcfer<\/span><br \/>\n<strong>Christian Frick, <span data-scaytid=\"217\">Christoph<\/span> <span data-scaytid=\"270\">Koller<\/span><\/strong><\/p>\n<p>&gt; <span data-scaytid=\"59\"><span data-scaytid=\"23\">Schriftf\u00fchrerin<\/span><\/span><br \/>\n<b>Teresa Wei\u00df<\/b><\/p>\n<p><span data-scaytid=\"36\"><span data-scaytid=\"17\">&gt; <span data-scaytid=\"25\">Ausschussmitglieder<\/span><\/span><\/span><br \/>\n<strong><span data-scaytid=\"36\"><span data-scaytid=\"17\">Lena Hillenmeyer<br \/>\nPatrick Stempfle<\/span><\/span><\/strong><\/p>\n","protected":false},"excerpt":{"rendered":"<p>Der Vorstand des TC Unterschneidheim setzt sich zusammen aus: &gt; 1. Vorsitzende Martin Uhl Benjamin Gentner &gt; 2. Vorsitzende Niclas Gorzalka &gt; Sportwart Roland Wurstner &gt; Jugendwart Alexander Gentner &gt; Kassiererin Margarete Holzinger &gt; Kassenpr\u00fcfer Christian Frick, Christoph Koller &gt; Schriftf\u00fchrerin Teresa Wei\u00df &gt; Ausschussmitglieder Lena Hillenmeyer Patrick Stempfle<\/p>\n","protected":false},"author":1,"featured_media":0,"parent":0,"menu_order":0,"comment_status":"closed","ping_status":"closed","template":"","meta":{"footnotes":""},"class_list":["post-12050","page","type-page","status-publish","hentry"],"_links":{"self":[{"href":"https:\/\/www.tc-unterschneidheim.de\/index.php?rest_route=\/wp\/v2\/pages\/12050","targetHints":{"allow":["GET"]}}],"collection":[{"href":"https:\/\/www.tc-unterschneidheim.de\/index.php?rest_route=\/wp\/v2\/pages"}],"about":[{"href":"https:\/\/www.tc-unterschneidheim.de\/index.php?rest_route=\/wp\/v2\/types\/page"}],"author":[{"embeddable":true,"href":"https:\/\/www.tc-unterschneidheim.de\/index.php?rest_route=\/wp\/v2\/users\/1"}],"replies":[{"embeddable":true,"href":"https:\/\/www.tc-unterschneidheim.de\/index.php?rest_route=%2Fwp%2Fv2%2Fcomments&post=12050"}],"version-history":[{"count":7,"href":"https:\/\/www.tc-unterschneidheim.de\/index.php?rest_route=\/wp\/v2\/pages\/12050\/revisions"}],"predecessor-version":[{"id":12417,"href":"https:\/\/www.tc-unterschneidheim.de\/index.php?rest_route=\/wp\/v2\/pages\/12050\/revisions\/12417"}],"wp:attachment":[{"href":"https:\/\/www.tc-unterschneidheim.de\/index.php?rest_route=%2Fwp%2Fv2%2Fmedia&parent=12050"}],"curies":[{"name":"wp","href":"https:\/\/api.w.org\/{rel}","templated":true}]}}