{"id":12059,"date":"2010-06-23T14:59:40","date_gmt":"2010-06-23T12:59:40","guid":{"rendered":"http:\/\/www.tc-unterschneidheim.de\/?page_id=12059"},"modified":"2025-07-06T23:09:17","modified_gmt":"2025-07-06T21:09:17","slug":"impressum","status":"publish","type":"page","link":"https:\/\/www.tc-unterschneidheim.de\/?page_id=12059","title":{"rendered":"Impressum"},"content":{"rendered":"<p><strong>Verantwortlich f\u00fcr den Inhalt der Seiten:<\/strong><\/p>\n<p>&nbsp;<\/p>\n<p>TC Unterschneidheim<br \/>\nAm \u00d6lberg 12<br \/>\n73485 Unterschneidheim<br \/>\n<a href=\"redirect-mailto.php\">E-Mail<\/a><br \/>\n+49 15563 962652<\/p>\n<p>Haftungshinweis:<br \/>\nTrotz sorgf\u00e4ltiger inhaltlicher Kontrolle \u00fcbernehmen wir keine Haftung f\u00fcr Inhalte externer Links. F\u00fcr Inhalt der verlinkten Seiten sind ausschlie\u00dflich deren Betreiber verantwortlich.<\/p>\n","protected":false},"excerpt":{"rendered":"<p>Verantwortlich f\u00fcr den Inhalt der Seiten: &nbsp; TC Unterschneidheim Am \u00d6lberg 12 73485 Unterschneidheim E-Mail +49 15563 962652 Haftungshinweis: Trotz sorgf\u00e4ltiger inhaltlicher Kontrolle \u00fcbernehmen wir keine Haftung f\u00fcr Inhalte externer Links. F\u00fcr Inhalt der verlinkten Seiten sind ausschlie\u00dflich deren Betreiber verantwortlich.<\/p>\n","protected":false},"author":1,"featured_media":0,"parent":0,"menu_order":0,"comment_status":"closed","ping_status":"closed","template":"","meta":{"footnotes":""},"class_list":["post-12059","page","type-page","status-publish","hentry"],"_links":{"self":[{"href":"https:\/\/www.tc-unterschneidheim.de\/index.php?rest_route=\/wp\/v2\/pages\/12059","targetHints":{"allow":["GET"]}}],"collection":[{"href":"https:\/\/www.tc-unterschneidheim.de\/index.php?rest_route=\/wp\/v2\/pages"}],"about":[{"href":"https:\/\/www.tc-unterschneidheim.de\/index.php?rest_route=\/wp\/v2\/types\/page"}],"author":[{"embeddable":true,"href":"https:\/\/www.tc-unterschneidheim.de\/index.php?rest_route=\/wp\/v2\/users\/1"}],"replies":[{"embeddable":true,"href":"https:\/\/www.tc-unterschneidheim.de\/index.php?rest_route=%2Fwp%2Fv2%2Fcomments&post=12059"}],"version-history":[{"count":6,"href":"https:\/\/www.tc-unterschneidheim.de\/index.php?rest_route=\/wp\/v2\/pages\/12059\/revisions"}],"predecessor-version":[{"id":12551,"href":"https:\/\/www.tc-unterschneidheim.de\/index.php?rest_route=\/wp\/v2\/pages\/12059\/revisions\/12551"}],"wp:attachment":[{"href":"https:\/\/www.tc-unterschneidheim.de\/index.php?rest_route=%2Fwp%2Fv2%2Fmedia&parent=12059"}],"curies":[{"name":"wp","href":"https:\/\/api.w.org\/{rel}","templated":true}]}}